{"id":1111,"date":"2025-05-17T08:11:46","date_gmt":"2025-05-17T06:11:46","guid":{"rendered":"https:\/\/universus.studio\/?page_id=1111"},"modified":"2025-06-04T11:08:40","modified_gmt":"2025-06-04T09:08:40","slug":"events","status":"publish","type":"page","link":"http:\/\/universus.studio\/?page_id=1111","title":{"rendered":"Events"},"content":{"rendered":"<div data-colibri-id=\"1111-c1\" class=\"style-514 style-local-1111-c1 position-relative\">\n  <!---->\n  <div data-colibri-component=\"section\" data-colibri-id=\"1111-c2\" id=\"overlappable\" class=\"h-section h-section-global-spacing d-flex align-items-lg-center align-items-md-center align-items-center style-533 style-local-1111-c2 position-relative\">\n    <!---->\n    <!---->\n    <div class=\"h-section-grid-container h-section-boxed-container\">\n      <!---->\n      <div data-colibri-id=\"1111-c3\" class=\"h-row-container gutters-row-lg-0 gutters-row-md-0 gutters-row-0 gutters-row-v-lg-0 gutters-row-v-md-0 gutters-row-v-0 style-534 style-local-1111-c3 position-relative\">\n        <!---->\n        <div class=\"h-row justify-content-lg-center justify-content-md-center justify-content-center align-items-lg-stretch align-items-md-stretch align-items-stretch gutters-col-lg-0 gutters-col-md-0 gutters-col-0 gutters-col-v-lg-0 gutters-col-v-md-0 gutters-col-v-0\">\n          <!---->\n          <div class=\"h-column h-column-container d-flex h-col-lg-auto h-col-md-auto h-col-auto style-535-outer style-local-1111-c4-outer\">\n            <div data-colibri-id=\"1111-c4\" class=\"d-flex h-flex-basis h-column__inner h-ui-empty-state-container h-px-lg-0 h-px-md-0 h-px-0 v-inner-lg-0 v-inner-md-0 v-inner-0 style-535 style-local-1111-c4 position-relative\">\n              <!---->\n              <!---->\n              <div class=\"w-100 h-y-container h-column__content h-column__v-align flex-basis-100\">\n                <!---->\n              <\/div>\n            <\/div>\n          <\/div>\n          <div class=\"h-column h-column-container d-flex h-col-lg-auto h-col-md-auto h-col-auto style-536-outer style-local-1111-c5-outer\">\n            <div data-colibri-id=\"1111-c5\" class=\"d-flex h-flex-basis h-column__inner h-px-lg-2 h-px-md-2 h-px-2 v-inner-lg-2 v-inner-md-2 v-inner-2 style-536 style-local-1111-c5 position-relative\">\n              <!---->\n              <!---->\n              <div class=\"w-100 h-y-container h-column__content h-column__v-align flex-basis-100 align-self-lg-center align-self-md-center align-self-center\">\n                <!---->\n                <div data-colibri-id=\"1111-c6\" class=\"h-global-transition-all h-heading style-537 style-local-1111-c6 position-relative h-element\">\n                  <!---->\n                  <div class=\"h-heading__outer style-537 style-local-1111-c6\">\n                    <!---->\n                    <!---->\n                    <h4 class=\"\">SEMINARIUM&nbsp; SMPTE WARSAW 2025<\/h4>\n                  <\/div>\n                <\/div>\n                <div data-colibri-id=\"1111-c7\" class=\"h-text h-text-component style-538 style-local-1111-c7 position-relative h-element\">\n                  <!---->\n                  <!---->\n                  <div class=\"\">\n                    <p><span style=\"font-weight: 400; font-size: 16px; font-family: &quot;Open Sans&quot;; color: rgb(70, 112, 127);\">W dniach 18-20 marca 2025 mieli\u015bmy zaszczyt go\u015bci\u0107 oficjaln\u0105 konferencj\u0119 i warsztaty mi\u0119dzynarodowego stowarzyszenia in\u017cynier\u00f3w techniki filmowej i telewizyjnej &#8211; SMPTE. Na szkoleniach panelowych przedstawiono nowe narz\u0119dzia&nbsp;postprodukcji d\u017awi\u0119ku i obrazu.<\/span><\/p>\n                  <\/div>\n                <\/div>\n                <div data-colibri-id=\"1111-c8\" class=\"h-x-container style-539 style-local-1111-c8 position-relative h-element\">\n                  <!---->\n                  <div class=\"h-x-container-inner style-dynamic-1111-c8-group style-539-spacing style-local-1111-c8-spacing\"><span class=\"h-button__outer style-540-outer style-local-1111-c9-outer d-inline-flex h-element\"><a h-use-smooth-scroll=\"true\" href=\"\"  data-colibri-id=\"1111-c9\" class=\"d-flex w-100 align-items-center h-button justify-content-lg-center justify-content-md-center justify-content-center style-540 style-local-1111-c9 position-relative\"><!----><!----> <span>READ MORE<\/span><\/a>\n                    <\/span>\n                  <\/div>\n                <\/div>\n              <\/div>\n            <\/div>\n          <\/div>\n          <div class=\"h-column h-column-container d-flex h-col-lg-auto h-col-md-auto h-col-auto style-536-outer style-local-1111-c10-outer\">\n            <div data-colibri-id=\"1111-c10\" class=\"d-flex h-flex-basis h-column__inner h-px-lg-2 h-px-md-2 h-px-2 v-inner-lg-2 v-inner-md-2 v-inner-2 style-536 style-local-1111-c10 position-relative\">\n              <!---->\n              <!---->\n              <div class=\"w-100 h-y-container h-column__content h-column__v-align flex-basis-100 align-self-lg-center align-self-md-center align-self-center\">\n                <!---->\n                <div data-colibri-id=\"1111-c11\" class=\"h-global-transition-all h-heading style-537 style-local-1111-c11 position-relative h-element\">\n                  <!---->\n                  <div class=\"h-heading__outer style-537 style-local-1111-c11\">\n                    <!---->\n                    <!---->\n                    <h4 class=\"\"><\/h4>\n                  <\/div>\n                <\/div>\n                <div data-colibri-id=\"1111-c12\" class=\"h-text h-text-component style-538 style-local-1111-c12 position-relative h-element\">\n                  <!---->\n                  <!---->\n                  <div class=\"\">\n                    <p>Dzi\u0119kujemy wszystkim Uczestnikom Konferencji, cz\u0142onkom Stowarzyszenia za aktywny udzia\u0142 oraz firmom Dolby Laboratories Inc. , polskemu przedstawicielowi Meyer Sound &#8211; Polsound Sp. z o.o. oraz Avid za pomoc w prezentacji najnowszych\n                      rozwi\u0105za\u0144 technicznych.<\/p>\n                  <\/div>\n                <\/div>\n                <div data-colibri-id=\"1111-c13\" class=\"h-x-container style-539 style-local-1111-c13 position-relative h-element\">\n                  <!---->\n                  <div class=\"h-x-container-inner style-dynamic-1111-c13-group style-539-spacing style-local-1111-c13-spacing\"><span class=\"h-button__outer style-540-outer style-local-1111-c14-outer d-inline-flex h-element\"><a h-use-smooth-scroll=\"true\" href=\"\"  data-colibri-id=\"1111-c14\" class=\"d-flex w-100 align-items-center h-button justify-content-lg-center justify-content-md-center justify-content-center style-540 style-local-1111-c14 position-relative\"><!----><!----> <span>READ MORE<\/span><\/a>\n                    <\/span>\n                  <\/div>\n                <\/div>\n              <\/div>\n            <\/div>\n          <\/div>\n          <div class=\"h-column h-column-container d-flex h-col-lg-auto h-col-md-auto h-col-auto style-541-outer style-local-1111-c15-outer\">\n            <div data-colibri-id=\"1111-c15\" class=\"d-flex h-flex-basis h-column__inner h-ui-empty-state-container h-px-lg-0 h-px-md-0 h-px-0 v-inner-lg-0 v-inner-md-0 v-inner-0 style-541 style-local-1111-c15 position-relative\">\n              <!---->\n              <!---->\n              <div class=\"w-100 h-y-container h-column__content h-column__v-align flex-basis-100\">\n                <!---->\n              <\/div>\n            <\/div>\n          <\/div>\n        <\/div>\n      <\/div>\n    <\/div>\n  <\/div>\n  <div data-colibri-component=\"section\" data-colibri-id=\"1111-c16\" id=\"about\" class=\"h-section h-section-global-spacing d-flex align-items-lg-center align-items-md-center align-items-center style-542 style-local-1111-c16 position-relative\">\n    <!---->\n    <!---->\n    <div class=\"h-section-grid-container h-section-boxed-container\">\n      <!---->\n      <div data-colibri-id=\"1111-c17\" class=\"h-row-container gutters-row-lg-0 gutters-row-md-0 gutters-row-0 gutters-row-v-lg-0 gutters-row-v-md-0 gutters-row-v-0 style-543 style-local-1111-c17 position-relative\">\n        <!---->\n        <div class=\"h-row justify-content-lg-center justify-content-md-center justify-content-center align-items-lg-stretch align-items-md-stretch align-items-stretch gutters-col-lg-0 gutters-col-md-0 gutters-col-0 gutters-col-v-lg-0 gutters-col-v-md-0 gutters-col-v-0\">\n          <!---->\n          <div class=\"h-column h-column-container d-flex h-col-lg-auto h-col-md-auto h-col-auto style-544-outer style-local-1111-c18-outer\">\n            <div data-colibri-id=\"1111-c18\" class=\"d-flex h-flex-basis h-column__inner h-px-lg-0 h-px-md-0 h-px-0 v-inner-lg-0 v-inner-md-0 v-inner-0 style-544 style-local-1111-c18 position-relative\">\n              <!---->\n              <!---->\n              <div class=\"w-100 h-y-container h-column__content h-column__v-align flex-basis-100 align-self-lg-start align-self-md-start align-self-start\">\n                <!---->\n                <div data-colibri-id=\"1111-c19\" class=\"h-global-transition-all h-heading style-546 style-local-1111-c19 position-relative h-element\">\n                  <!---->\n                  <div class=\"h-heading__outer style-546 style-local-1111-c19\">\n                    <!---->\n                    <!---->\n                    <h2 class=\"\">Premiera nowej p\u0142yty Meli Koteluk&nbsp;<\/h2>\n                  <\/div>\n                <\/div>\n                <div data-colibri-id=\"1111-c20\" class=\"h-text h-text-component style-547 style-local-1111-c20 position-relative h-element\">\n                  <!---->\n                  <!---->\n                  <div class=\"\">\n                    <p>Zrealizowany w formacie Dolby Atmos album &#8220;Harmonia&#8221; brzmia\u0142 zachwycaj\u0105co, rozmowy Meli z Piotrem Metzem o inspiracjach poszczeg\u00f3lnych utwor\u00f3w porusza\u0142y, &#8220;Harmonia&#8221; pozosta\u0142a w sercach Go\u015bci.&nbsp;<\/p>\n                    <p>\n                      <br>\n                    <\/p>\n                  <\/div>\n                <\/div>\n              <\/div>\n            <\/div>\n          <\/div>\n          <div class=\"h-column h-column-container d-flex h-col-lg-auto h-col-md-auto h-col-auto style-548-outer style-local-1111-c21-outer\">\n            <div data-colibri-id=\"1111-c21\" class=\"d-flex h-flex-basis h-column__inner h-ui-empty-state-container h-px-lg-2 h-px-md-2 h-px-2 v-inner-lg-2 v-inner-md-2 v-inner-2 style-548 style-local-1111-c21 position-relative\">\n              <!---->\n              <!---->\n              <div class=\"w-100 h-y-container h-column__content h-column__v-align flex-basis-100\">\n                <!---->\n              <\/div>\n            <\/div>\n          <\/div>\n        <\/div>\n      <\/div>\n      <div data-colibri-id=\"1111-c22\" class=\"h-row-container gutters-row-lg-2 gutters-row-md-2 gutters-row-0 gutters-row-v-lg-2 gutters-row-v-md-2 gutters-row-v-2 style-549 style-local-1111-c22 position-relative\">\n        <!---->\n        <div class=\"h-row justify-content-lg-center justify-content-md-center justify-content-center align-items-lg-stretch align-items-md-stretch align-items-stretch gutters-col-lg-2 gutters-col-md-2 gutters-col-0 gutters-col-v-lg-2 gutters-col-v-md-2 gutters-col-v-2\">\n          <!---->\n          <div class=\"h-column h-column-container d-flex h-col-lg-auto h-col-md-auto h-col-auto style-550-outer style-local-1111-c23-outer\">\n            <div data-colibri-id=\"1111-c23\" class=\"d-flex h-flex-basis h-column__inner h-px-lg-2 h-px-md-2 h-px-2 v-inner-lg-2 v-inner-md-2 v-inner-2 style-550 style-local-1111-c23 position-relative\">\n              <!---->\n              <!---->\n              <div class=\"w-100 h-y-container h-column__content h-column__v-align flex-basis-100 align-self-lg-start align-self-md-start align-self-start\">\n                <!---->\n                <div data-colibri-id=\"1111-c24\" class=\"h-x-container style-551 style-local-1111-c24 position-relative h-element\">\n                  <!---->\n                  <div class=\"h-x-container-inner style-dynamic-1111-c24-group style-551-spacing style-local-1111-c24-spacing\"><span class=\"h-link__outer style-552-outer style-local-1111-c25-outer d-inline-flex h-element\"><a h-use-smooth-scroll=\"true\" href=\"https:\/\/media.warnermusic.pl\/385245-pionierski-przedpremierowy-odsluch-albumu-meli-koteluk-w-universus-studio\"  data-colibri-id=\"1111-c25\" class=\"d-flex w-100 align-items-center h-link style-552 style-local-1111-c25 position-relative\"><!----><!----> <span>Warner Music Poland<\/span><\/a>\n                    <\/span>\n                  <\/div>\n                <\/div>\n              <\/div>\n            <\/div>\n          <\/div>\n        <\/div>\n      <\/div>\n    <\/div>\n  <\/div>\n  <div data-colibri-component=\"section\" data-colibri-id=\"1111-c26\" id=\"overlappable-2\" class=\"h-section h-section-global-spacing d-flex align-items-lg-center align-items-md-center align-items-center style-553 style-local-1111-c26 position-relative\">\n    <!---->\n    <!---->\n    <div class=\"h-section-grid-container h-section-boxed-container\">\n      <!---->\n      <div data-colibri-id=\"1111-c27\" class=\"h-row-container gutters-row-lg-0 gutters-row-md-0 gutters-row-0 gutters-row-v-lg-0 gutters-row-v-md-0 gutters-row-v-0 style-554 style-local-1111-c27 position-relative\">\n        <!---->\n        <div class=\"h-row justify-content-lg-center justify-content-md-center justify-content-center align-items-lg-stretch align-items-md-stretch align-items-stretch gutters-col-lg-0 gutters-col-md-0 gutters-col-0 gutters-col-v-lg-0 gutters-col-v-md-0 gutters-col-v-0\">\n          <!---->\n          <div class=\"h-column h-column-container d-flex h-col-lg-auto h-col-md-auto h-col-auto style-555-outer style-local-1111-c28-outer\">\n            <div data-colibri-id=\"1111-c28\" class=\"d-flex h-flex-basis h-column__inner h-ui-empty-state-container h-px-lg-0 h-px-md-0 h-px-0 v-inner-lg-0 v-inner-md-0 v-inner-0 style-555 style-local-1111-c28 position-relative\">\n              <!---->\n              <!---->\n              <div class=\"w-100 h-y-container h-column__content h-column__v-align flex-basis-100\">\n                <!---->\n              <\/div>\n            <\/div>\n          <\/div>\n          <div class=\"h-column h-column-container d-flex h-col-lg-auto h-col-md-auto h-col-auto style-556-outer style-local-1111-c29-outer\">\n            <div data-colibri-id=\"1111-c29\" class=\"d-flex h-flex-basis h-column__inner h-px-lg-2 h-px-md-2 h-px-2 v-inner-lg-2 v-inner-md-2 v-inner-2 style-556 style-local-1111-c29 position-relative\">\n              <!---->\n              <!---->\n              <div class=\"w-100 h-y-container h-column__content h-column__v-align flex-basis-100 align-self-lg-center align-self-md-center align-self-center\">\n                <!---->\n                <div data-colibri-id=\"1111-c30\" class=\"h-global-transition-all h-heading style-557 style-local-1111-c30 position-relative h-element\">\n                  <!---->\n                  <div class=\"h-heading__outer style-557 style-local-1111-c30\">\n                    <!---->\n                    <!---->\n                    <h4 class=\"\">KAROLINA TUZ &#8211; Koncert<\/h4>\n                  <\/div>\n                <\/div>\n                <div data-colibri-id=\"1111-c31\" class=\"h-text h-text-component style-558 style-local-1111-c31 position-relative h-element\">\n                  <!---->\n                  <!---->\n                  <div class=\"\">\n                    <p>Karolina Tuz (wokal, klawisze), Krzysztof Napi\u00f3rkowski (wokal)., Tomek Kami\u0144ski (gitary), W\u0142odek Tuz (flet) i Mateusz P\u0119ciak (akordeon) 30 maja&nbsp;zagrali w naszym Studio wspania\u0142y koncert. Po raz pierwszy wykonali tu sw\u00f3j\u0105 nowa\n                      piosenk\u0119 ze s\u0142owami Anety Dobrza\u0144skiej &#8220;Jest mi dobrze tu&#8221;<\/p>\n                  <\/div>\n                <\/div>\n                <div data-colibri-id=\"1111-c32\" class=\"h-x-container style-559 style-local-1111-c32 position-relative h-element\">\n                  <!---->\n                  <div class=\"h-x-container-inner style-dynamic-1111-c32-group style-559-spacing style-local-1111-c32-spacing\"><span class=\"h-button__outer style-560-outer style-local-1111-c33-outer d-inline-flex h-element\"><a h-use-smooth-scroll=\"true\" href=\"\"  data-colibri-id=\"1111-c33\" class=\"d-flex w-100 align-items-center h-button justify-content-lg-center justify-content-md-center justify-content-center style-560 style-local-1111-c33 position-relative\"><!----><!----> <span>READ MORE<\/span><\/a>\n                    <\/span>\n                  <\/div>\n                <\/div>\n              <\/div>\n            <\/div>\n          <\/div>\n          <div class=\"h-column h-column-container d-flex h-col-lg-auto h-col-md-auto h-col-auto style-556-outer style-local-1111-c34-outer\">\n            <div data-colibri-id=\"1111-c34\" class=\"d-flex h-flex-basis h-column__inner h-px-lg-2 h-px-md-2 h-px-2 v-inner-lg-2 v-inner-md-2 v-inner-2 style-556 style-local-1111-c34 position-relative\">\n              <!---->\n              <!---->\n              <div class=\"w-100 h-y-container h-column__content h-column__v-align flex-basis-100 align-self-lg-center align-self-md-center align-self-center\">\n                <!---->\n                <div data-colibri-id=\"1111-c35\" class=\"h-global-transition-all h-heading style-557 style-local-1111-c35 position-relative h-element\">\n                  <!---->\n                  <div class=\"h-heading__outer style-557 style-local-1111-c35\">\n                    <!---->\n                    <!---->\n                    <h4 class=\"\">&#8220;jak dobrze mi tu&#8221;<\/h4>\n                  <\/div>\n                <\/div>\n                <div data-colibri-id=\"1111-c36\" class=\"h-text h-text-component style-558 style-local-1111-c36 position-relative h-element\">\n                  <!---->\n                  <!---->\n                  <div class=\"\">\n                    <p>Publiczno\u015b\u0107 bawi\u0142a si\u0119 u nas doskonale, je\u015bli jednak nie dotar\u0142e\u015b na koncert, nic straconego, Marcin Smarzewski przygotowa\u0142 miks nowego utworu &#8220;Jak Dobrze Mi Tu&#8221;, b\u0119dziesz m\u00f3g\u0142 tez ju\u017c wkr\u00f3tce obejrze\u0107 teledysk z jego&nbsp;koncertowym\n                      wykonaniem.<\/p>\n                  <\/div>\n                <\/div>\n                <div data-colibri-id=\"1111-c37\" class=\"h-x-container style-562 style-local-1111-c37 position-relative h-element\">\n                  <!---->\n                  <div class=\"h-x-container-inner style-dynamic-1111-c37-group style-562-spacing style-local-1111-c37-spacing\"><span class=\"h-link__outer style-563-outer style-local-1111-c38-outer d-inline-flex h-element\"><a h-use-smooth-scroll=\"true\" href=\"https:\/\/www.facebook.com\/story.php?story_fbid=1296749709122225&amp;id=100063616235932&amp;rdid=3LXrmypiD5h3jgEX#\"  data-colibri-id=\"1111-c38\" class=\"d-flex w-100 align-items-center h-link style-563 style-local-1111-c38 position-relative\"><!----><!----> <span>KarolinaTuz-facebook<\/span><\/a>\n                    <\/span>\n                  <\/div>\n                <\/div>\n                <div data-colibri-id=\"1111-c39\" class=\"h-x-container style-559 style-local-1111-c39 position-relative h-element\">\n                  <!---->\n                  <div class=\"h-x-container-inner style-dynamic-1111-c39-group style-559-spacing style-local-1111-c39-spacing\"><span class=\"h-button__outer style-560-outer style-local-1111-c40-outer d-inline-flex h-element\"><a h-use-smooth-scroll=\"true\" href=\"\"  data-colibri-id=\"1111-c40\" class=\"d-flex w-100 align-items-center h-button justify-content-lg-center justify-content-md-center justify-content-center style-560 style-local-1111-c40 position-relative\"><!----><!----> <span>READ MORE<\/span><\/a>\n                    <\/span>\n                  <\/div>\n                <\/div>\n              <\/div>\n            <\/div>\n          <\/div>\n          <div class=\"h-column h-column-container d-flex h-col-lg-auto h-col-md-auto h-col-auto style-561-outer style-local-1111-c41-outer\">\n            <div data-colibri-id=\"1111-c41\" class=\"d-flex h-flex-basis h-column__inner h-ui-empty-state-container h-px-lg-0 h-px-md-0 h-px-0 v-inner-lg-0 v-inner-md-0 v-inner-0 style-561 style-local-1111-c41 position-relative\">\n              <!---->\n              <!---->\n              <div class=\"w-100 h-y-container h-column__content h-column__v-align flex-basis-100\">\n                <!---->\n              <\/div>\n            <\/div>\n          <\/div>\n        <\/div>\n      <\/div>\n    <\/div>\n  <\/div>\n<\/div>","protected":false},"excerpt":{"rendered":"<p>SEMINARIUM&nbsp; SMPTE WARSAW 2025 W dniach 18-20 marca 2025 mieli\u015bmy zaszczyt go\u015bci\u0107 oficjaln\u0105 konferencj\u0119 i warsztaty mi\u0119dzynarodowego stowarzyszenia in\u017cynier\u00f3w techniki filmowej i telewizyjnej &#8211; SMPTE. Na szkoleniach panelowych przedstawiono nowe narz\u0119dzia&nbsp;postprodukcji d\u017awi\u0119ku i obrazu. READ MORE Dzi\u0119kujemy wszystkim Uczestnikom Konferencji, cz\u0142onkom Stowarzyszenia za aktywny udzia\u0142 oraz firmom Dolby Laboratories Inc. , polskemu przedstawicielowi Meyer Sound [&hellip;]<\/p>\n","protected":false},"author":1,"featured_media":0,"parent":0,"menu_order":0,"comment_status":"closed","ping_status":"closed","template":"page-templates\/full-width-page.php","meta":[],"_links":{"self":[{"href":"http:\/\/universus.studio\/index.php?rest_route=\/wp\/v2\/pages\/1111"}],"collection":[{"href":"http:\/\/universus.studio\/index.php?rest_route=\/wp\/v2\/pages"}],"about":[{"href":"http:\/\/universus.studio\/index.php?rest_route=\/wp\/v2\/types\/page"}],"author":[{"embeddable":true,"href":"http:\/\/universus.studio\/index.php?rest_route=\/wp\/v2\/users\/1"}],"replies":[{"embeddable":true,"href":"http:\/\/universus.studio\/index.php?rest_route=%2Fwp%2Fv2%2Fcomments&post=1111"}],"version-history":[{"count":10,"href":"http:\/\/universus.studio\/index.php?rest_route=\/wp\/v2\/pages\/1111\/revisions"}],"predecessor-version":[{"id":1192,"href":"http:\/\/universus.studio\/index.php?rest_route=\/wp\/v2\/pages\/1111\/revisions\/1192"}],"wp:attachment":[{"href":"http:\/\/universus.studio\/index.php?rest_route=%2Fwp%2Fv2%2Fmedia&parent=1111"}],"curies":[{"name":"wp","href":"https:\/\/api.w.org\/{rel}","templated":true}]}}